{"id":3791,"date":"2025-01-13T12:33:08","date_gmt":"2025-01-13T12:33:08","guid":{"rendered":"https:\/\/noorbe.com\/?page_id=3791"},"modified":"2025-01-13T14:12:48","modified_gmt":"2025-01-13T14:12:48","slug":"sobre-a-noorbe-com","status":"publish","type":"page","link":"https:\/\/noorbe.com.br\/index.php\/sobre-a-noorbe-com\/","title":{"rendered":"Sobre a Noorbe.com"},"content":{"rendered":"\t\t<div data-elementor-type=\"wp-page\" data-elementor-id=\"3791\" class=\"elementor elementor-3791\" data-elementor-post-type=\"page\">\n\t\t\t\t\t\t<section class=\"elementor-section elementor-top-section elementor-element elementor-element-07066a5 elementor-reverse-tablet elementor-reverse-mobile elementor-section-boxed elementor-section-height-default elementor-section-height-default\" data-id=\"07066a5\" data-element_type=\"section\" data-e-type=\"section\">\n\t\t\t\t\t\t<div class=\"elementor-container elementor-column-gap-default\">\n\t\t\t\t\t<div class=\"elementor-column elementor-col-50 elementor-top-column elementor-element elementor-element-58491b5\" data-id=\"58491b5\" data-element_type=\"column\" data-e-type=\"column\">\n\t\t\t<div class=\"elementor-widget-wrap elementor-element-populated\">\n\t\t\t\t\t\t<div class=\"elementor-element elementor-element-04e082b elementor-widget elementor-widget-image\" data-id=\"04e082b\" data-element_type=\"widget\" data-e-type=\"widget\" data-widget_type=\"image.default\">\n\t\t\t\t<div class=\"elementor-widget-container\">\n\t\t\t\t\t\t\t\t\t\t\t\t\t\t\t<img fetchpriority=\"high\" decoding=\"async\" width=\"2000\" height=\"1334\" src=\"https:\/\/noorbe.com.br\/wp-content\/uploads\/2024\/06\/business-man-and-woman-with-multiethnic-show-action-of-celebration-and-happy.jpg\" class=\"attachment-full size-full wp-image-1811\" alt=\"Business man and woman with multiethnic show action of celebration and happy\" srcset=\"https:\/\/noorbe.com.br\/wp-content\/uploads\/2024\/06\/business-man-and-woman-with-multiethnic-show-action-of-celebration-and-happy.jpg 2000w, https:\/\/noorbe.com.br\/wp-content\/uploads\/2024\/06\/business-man-and-woman-with-multiethnic-show-action-of-celebration-and-happy-300x200.jpg 300w, https:\/\/noorbe.com.br\/wp-content\/uploads\/2024\/06\/business-man-and-woman-with-multiethnic-show-action-of-celebration-and-happy-1024x683.jpg 1024w, https:\/\/noorbe.com.br\/wp-content\/uploads\/2024\/06\/business-man-and-woman-with-multiethnic-show-action-of-celebration-and-happy-768x512.jpg 768w, https:\/\/noorbe.com.br\/wp-content\/uploads\/2024\/06\/business-man-and-woman-with-multiethnic-show-action-of-celebration-and-happy-1536x1025.jpg 1536w\" sizes=\"(max-width: 2000px) 100vw, 2000px\" \/>\t\t\t\t\t\t\t\t\t\t\t\t\t\t\t<\/div>\n\t\t\t\t<\/div>\n\t\t\t\t\t<\/div>\n\t\t<\/div>\n\t\t\t\t<div class=\"elementor-column elementor-col-50 elementor-top-column elementor-element elementor-element-d000a91\" data-id=\"d000a91\" data-element_type=\"column\" data-e-type=\"column\">\n\t\t\t<div class=\"elementor-widget-wrap elementor-element-populated\">\n\t\t\t\t\t\t<div class=\"elementor-element elementor-element-23ec2ca elementor-invisible elementor-widget elementor-widget-heading\" data-id=\"23ec2ca\" data-element_type=\"widget\" data-e-type=\"widget\" data-settings=\"{&quot;_animation&quot;:&quot;fadeInUp&quot;}\" data-widget_type=\"heading.default\">\n\t\t\t\t<div class=\"elementor-widget-container\">\n\t\t\t\t\t<h2 class=\"elementor-heading-title elementor-size-default\">Seu portal de evolu\u00e7\u00e3o, aqui seu tempo nunca \u00e9 perdido. <\/h2>\t\t\t\t<\/div>\n\t\t\t\t<\/div>\n\t\t\t\t<div class=\"elementor-element elementor-element-1bdbdd3 elementor-widget elementor-widget-text-editor\" data-id=\"1bdbdd3\" data-element_type=\"widget\" data-e-type=\"widget\" data-widget_type=\"text-editor.default\">\n\t\t\t\t<div class=\"elementor-widget-container\">\n\t\t\t\t\t\t\t\t\t<p>Bem-vindo ao Noorbe.com, o seu destino online para evolu\u00e7\u00e3o e progresso pessoal e profissional. Nosso blog foi criado com o objetivo de fornecer orienta\u00e7\u00e3o, inspira\u00e7\u00e3o e recursos para ajudar voc\u00ea a se desenvolver como indiv\u00edduo e alcan\u00e7ar todo o seu potencial.<\/p><p>Aqui, voc\u00ea encontrar\u00e1 artigos motivacionais, dicas pr\u00e1ticas, insights de especialistas e hist\u00f3rias inspiradoras para gui\u00e1-lo em sua jornada de crescimento. Queremos ser o ponto de partida para transforma\u00e7\u00f5es significativas em sua vida, seja no \u00e2mbito profissional ou no desenvolvimento pessoal.<\/p><p>Junte-se a n\u00f3s no Noorbe.com e embarque nesta jornada de evolu\u00e7\u00e3o e progresso. Vamos crescer juntos e nos tornar vers\u00f5es melhores de n\u00f3s mesmos a cada dia. O seu futuro come\u00e7a aqui.<\/p>\t\t\t\t\t\t\t\t<\/div>\n\t\t\t\t<\/div>\n\t\t\t\t<div class=\"elementor-element elementor-element-8539f97 elementor-widget__width-initial elementor-widget elementor-widget-image-box\" data-id=\"8539f97\" data-element_type=\"widget\" data-e-type=\"widget\" data-widget_type=\"image-box.default\">\n\t\t\t\t<div class=\"elementor-widget-container\">\n\t\t\t\t\t<div class=\"elementor-image-box-wrapper\"><div class=\"elementor-image-box-content\"><p class=\"elementor-image-box-description\">Bruno Carvalho \nCEO &amp; Founder <\/p><\/div><\/div>\t\t\t\t<\/div>\n\t\t\t\t<\/div>\n\t\t\t\t\t<\/div>\n\t\t<\/div>\n\t\t\t\t\t<\/div>\n\t\t<\/section>\n\t\t\t\t<\/div>\n\t\t","protected":false},"excerpt":{"rendered":"<p>Seu portal de evolu\u00e7\u00e3o, aqui seu tempo nunca \u00e9 perdido. Bem-vindo ao Noorbe.com, o seu destino online para evolu\u00e7\u00e3o e progresso pessoal e profissional. Nosso blog foi criado com o objetivo de fornecer orienta\u00e7\u00e3o, inspira\u00e7\u00e3o e recursos para ajudar voc\u00ea a se desenvolver como indiv\u00edduo e alcan\u00e7ar todo o seu potencial. Aqui, voc\u00ea encontrar\u00e1 artigos [&hellip;]<\/p>\n","protected":false},"author":1,"featured_media":0,"parent":0,"menu_order":0,"comment_status":"closed","ping_status":"closed","template":"","meta":{"footnotes":""},"class_list":["post-3791","page","type-page","status-publish","hentry"],"yoast_head":"<!-- This site is optimized with the Yoast SEO plugin v26.2 - https:\/\/yoast.com\/wordpress\/plugins\/seo\/ -->\n<title>Sobre a Noorbe.com - Noorbe<\/title>\n<meta name=\"robots\" content=\"index, follow, max-snippet:-1, max-image-preview:large, max-video-preview:-1\" \/>\n<link rel=\"canonical\" href=\"https:\/\/noorbe.com.br\/index.php\/sobre-a-noorbe-com\/\" \/>\n<meta property=\"og:locale\" content=\"pt_BR\" \/>\n<meta property=\"og:type\" content=\"article\" \/>\n<meta property=\"og:title\" content=\"Sobre a Noorbe.com - Noorbe\" \/>\n<meta property=\"og:description\" content=\"Seu portal de evolu\u00e7\u00e3o, aqui seu tempo nunca \u00e9 perdido. Bem-vindo ao Noorbe.com, o seu destino online para evolu\u00e7\u00e3o e progresso pessoal e profissional. Nosso blog foi criado com o objetivo de fornecer orienta\u00e7\u00e3o, inspira\u00e7\u00e3o e recursos para ajudar voc\u00ea a se desenvolver como indiv\u00edduo e alcan\u00e7ar todo o seu potencial. Aqui, voc\u00ea encontrar\u00e1 artigos [&hellip;]\" \/>\n<meta property=\"og:url\" content=\"https:\/\/noorbe.com.br\/index.php\/sobre-a-noorbe-com\/\" \/>\n<meta property=\"og:site_name\" content=\"Noorbe\" \/>\n<meta property=\"article:modified_time\" content=\"2025-01-13T14:12:48+00:00\" \/>\n<meta property=\"og:image\" content=\"https:\/\/noorbe.com\/wp-content\/uploads\/2024\/06\/business-man-and-woman-with-multiethnic-show-action-of-celebration-and-happy.jpg\" \/>\n<meta name=\"twitter:card\" content=\"summary_large_image\" \/>\n<meta name=\"twitter:label1\" content=\"Est. tempo de leitura\" \/>\n\t<meta name=\"twitter:data1\" content=\"1 minuto\" \/>\n<script type=\"application\/ld+json\" class=\"yoast-schema-graph\">{\"@context\":\"https:\/\/schema.org\",\"@graph\":[{\"@type\":\"WebPage\",\"@id\":\"https:\/\/noorbe.com.br\/index.php\/sobre-a-noorbe-com\/\",\"url\":\"https:\/\/noorbe.com.br\/index.php\/sobre-a-noorbe-com\/\",\"name\":\"Sobre a Noorbe.com - Noorbe\",\"isPartOf\":{\"@id\":\"https:\/\/noorbe.com.br\/#website\"},\"primaryImageOfPage\":{\"@id\":\"https:\/\/noorbe.com.br\/index.php\/sobre-a-noorbe-com\/#primaryimage\"},\"image\":{\"@id\":\"https:\/\/noorbe.com.br\/index.php\/sobre-a-noorbe-com\/#primaryimage\"},\"thumbnailUrl\":\"https:\/\/noorbe.com\/wp-content\/uploads\/2024\/06\/business-man-and-woman-with-multiethnic-show-action-of-celebration-and-happy.jpg\",\"datePublished\":\"2025-01-13T12:33:08+00:00\",\"dateModified\":\"2025-01-13T14:12:48+00:00\",\"breadcrumb\":{\"@id\":\"https:\/\/noorbe.com.br\/index.php\/sobre-a-noorbe-com\/#breadcrumb\"},\"inLanguage\":\"pt-BR\",\"potentialAction\":[{\"@type\":\"ReadAction\",\"target\":[\"https:\/\/noorbe.com.br\/index.php\/sobre-a-noorbe-com\/\"]}]},{\"@type\":\"ImageObject\",\"inLanguage\":\"pt-BR\",\"@id\":\"https:\/\/noorbe.com.br\/index.php\/sobre-a-noorbe-com\/#primaryimage\",\"url\":\"https:\/\/noorbe.com\/wp-content\/uploads\/2024\/06\/business-man-and-woman-with-multiethnic-show-action-of-celebration-and-happy.jpg\",\"contentUrl\":\"https:\/\/noorbe.com\/wp-content\/uploads\/2024\/06\/business-man-and-woman-with-multiethnic-show-action-of-celebration-and-happy.jpg\"},{\"@type\":\"BreadcrumbList\",\"@id\":\"https:\/\/noorbe.com.br\/index.php\/sobre-a-noorbe-com\/#breadcrumb\",\"itemListElement\":[{\"@type\":\"ListItem\",\"position\":1,\"name\":\"In\u00edcio\",\"item\":\"https:\/\/noorbe.com.br\/\"},{\"@type\":\"ListItem\",\"position\":2,\"name\":\"Sobre a Noorbe.com\"}]},{\"@type\":\"WebSite\",\"@id\":\"https:\/\/noorbe.com.br\/#website\",\"url\":\"https:\/\/noorbe.com.br\/\",\"name\":\"Noorbe\",\"description\":\"\",\"publisher\":{\"@id\":\"https:\/\/noorbe.com.br\/#organization\"},\"potentialAction\":[{\"@type\":\"SearchAction\",\"target\":{\"@type\":\"EntryPoint\",\"urlTemplate\":\"https:\/\/noorbe.com.br\/?s={search_term_string}\"},\"query-input\":{\"@type\":\"PropertyValueSpecification\",\"valueRequired\":true,\"valueName\":\"search_term_string\"}}],\"inLanguage\":\"pt-BR\"},{\"@type\":\"Organization\",\"@id\":\"https:\/\/noorbe.com.br\/#organization\",\"name\":\"Noorbe\",\"url\":\"https:\/\/noorbe.com.br\/\",\"logo\":{\"@type\":\"ImageObject\",\"inLanguage\":\"pt-BR\",\"@id\":\"https:\/\/noorbe.com.br\/#\/schema\/logo\/image\/\",\"url\":\"https:\/\/noorbe.com.br\/wp-content\/uploads\/2024\/05\/noorbe.jpg\",\"contentUrl\":\"https:\/\/noorbe.com.br\/wp-content\/uploads\/2024\/05\/noorbe.jpg\",\"width\":300,\"height\":53,\"caption\":\"Noorbe\"},\"image\":{\"@id\":\"https:\/\/noorbe.com.br\/#\/schema\/logo\/image\/\"}}]}<\/script>\n<!-- \/ Yoast SEO plugin. -->","yoast_head_json":{"title":"Sobre a Noorbe.com - Noorbe","robots":{"index":"index","follow":"follow","max-snippet":"max-snippet:-1","max-image-preview":"max-image-preview:large","max-video-preview":"max-video-preview:-1"},"canonical":"https:\/\/noorbe.com.br\/index.php\/sobre-a-noorbe-com\/","og_locale":"pt_BR","og_type":"article","og_title":"Sobre a Noorbe.com - Noorbe","og_description":"Seu portal de evolu\u00e7\u00e3o, aqui seu tempo nunca \u00e9 perdido. Bem-vindo ao Noorbe.com, o seu destino online para evolu\u00e7\u00e3o e progresso pessoal e profissional. Nosso blog foi criado com o objetivo de fornecer orienta\u00e7\u00e3o, inspira\u00e7\u00e3o e recursos para ajudar voc\u00ea a se desenvolver como indiv\u00edduo e alcan\u00e7ar todo o seu potencial. Aqui, voc\u00ea encontrar\u00e1 artigos [&hellip;]","og_url":"https:\/\/noorbe.com.br\/index.php\/sobre-a-noorbe-com\/","og_site_name":"Noorbe","article_modified_time":"2025-01-13T14:12:48+00:00","og_image":[{"url":"https:\/\/noorbe.com\/wp-content\/uploads\/2024\/06\/business-man-and-woman-with-multiethnic-show-action-of-celebration-and-happy.jpg","type":"","width":"","height":""}],"twitter_card":"summary_large_image","twitter_misc":{"Est. tempo de leitura":"1 minuto"},"schema":{"@context":"https:\/\/schema.org","@graph":[{"@type":"WebPage","@id":"https:\/\/noorbe.com.br\/index.php\/sobre-a-noorbe-com\/","url":"https:\/\/noorbe.com.br\/index.php\/sobre-a-noorbe-com\/","name":"Sobre a Noorbe.com - Noorbe","isPartOf":{"@id":"https:\/\/noorbe.com.br\/#website"},"primaryImageOfPage":{"@id":"https:\/\/noorbe.com.br\/index.php\/sobre-a-noorbe-com\/#primaryimage"},"image":{"@id":"https:\/\/noorbe.com.br\/index.php\/sobre-a-noorbe-com\/#primaryimage"},"thumbnailUrl":"https:\/\/noorbe.com\/wp-content\/uploads\/2024\/06\/business-man-and-woman-with-multiethnic-show-action-of-celebration-and-happy.jpg","datePublished":"2025-01-13T12:33:08+00:00","dateModified":"2025-01-13T14:12:48+00:00","breadcrumb":{"@id":"https:\/\/noorbe.com.br\/index.php\/sobre-a-noorbe-com\/#breadcrumb"},"inLanguage":"pt-BR","potentialAction":[{"@type":"ReadAction","target":["https:\/\/noorbe.com.br\/index.php\/sobre-a-noorbe-com\/"]}]},{"@type":"ImageObject","inLanguage":"pt-BR","@id":"https:\/\/noorbe.com.br\/index.php\/sobre-a-noorbe-com\/#primaryimage","url":"https:\/\/noorbe.com\/wp-content\/uploads\/2024\/06\/business-man-and-woman-with-multiethnic-show-action-of-celebration-and-happy.jpg","contentUrl":"https:\/\/noorbe.com\/wp-content\/uploads\/2024\/06\/business-man-and-woman-with-multiethnic-show-action-of-celebration-and-happy.jpg"},{"@type":"BreadcrumbList","@id":"https:\/\/noorbe.com.br\/index.php\/sobre-a-noorbe-com\/#breadcrumb","itemListElement":[{"@type":"ListItem","position":1,"name":"In\u00edcio","item":"https:\/\/noorbe.com.br\/"},{"@type":"ListItem","position":2,"name":"Sobre a Noorbe.com"}]},{"@type":"WebSite","@id":"https:\/\/noorbe.com.br\/#website","url":"https:\/\/noorbe.com.br\/","name":"Noorbe","description":"","publisher":{"@id":"https:\/\/noorbe.com.br\/#organization"},"potentialAction":[{"@type":"SearchAction","target":{"@type":"EntryPoint","urlTemplate":"https:\/\/noorbe.com.br\/?s={search_term_string}"},"query-input":{"@type":"PropertyValueSpecification","valueRequired":true,"valueName":"search_term_string"}}],"inLanguage":"pt-BR"},{"@type":"Organization","@id":"https:\/\/noorbe.com.br\/#organization","name":"Noorbe","url":"https:\/\/noorbe.com.br\/","logo":{"@type":"ImageObject","inLanguage":"pt-BR","@id":"https:\/\/noorbe.com.br\/#\/schema\/logo\/image\/","url":"https:\/\/noorbe.com.br\/wp-content\/uploads\/2024\/05\/noorbe.jpg","contentUrl":"https:\/\/noorbe.com.br\/wp-content\/uploads\/2024\/05\/noorbe.jpg","width":300,"height":53,"caption":"Noorbe"},"image":{"@id":"https:\/\/noorbe.com.br\/#\/schema\/logo\/image\/"}}]}},"_links":{"self":[{"href":"https:\/\/noorbe.com.br\/index.php\/wp-json\/wp\/v2\/pages\/3791","targetHints":{"allow":["GET"]}}],"collection":[{"href":"https:\/\/noorbe.com.br\/index.php\/wp-json\/wp\/v2\/pages"}],"about":[{"href":"https:\/\/noorbe.com.br\/index.php\/wp-json\/wp\/v2\/types\/page"}],"author":[{"embeddable":true,"href":"https:\/\/noorbe.com.br\/index.php\/wp-json\/wp\/v2\/users\/1"}],"replies":[{"embeddable":true,"href":"https:\/\/noorbe.com.br\/index.php\/wp-json\/wp\/v2\/comments?post=3791"}],"version-history":[{"count":20,"href":"https:\/\/noorbe.com.br\/index.php\/wp-json\/wp\/v2\/pages\/3791\/revisions"}],"predecessor-version":[{"id":3838,"href":"https:\/\/noorbe.com.br\/index.php\/wp-json\/wp\/v2\/pages\/3791\/revisions\/3838"}],"wp:attachment":[{"href":"https:\/\/noorbe.com.br\/index.php\/wp-json\/wp\/v2\/media?parent=3791"}],"curies":[{"name":"wp","href":"https:\/\/api.w.org\/{rel}","templated":true}]}}